{"id":3,"date":"2024-02-07T15:24:38","date_gmt":"2024-02-07T15:24:38","guid":{"rendered":"http:\/\/animech.com\/?page_id=3"},"modified":"2024-02-26T18:13:44","modified_gmt":"2024-02-26T17:13:44","slug":"cookie-policy","status":"publish","type":"page","link":"https:\/\/animech.com\/sv\/cookie-policy\/","title":{"rendered":"Cookie\u00a0Policy"},"content":{"rendered":"\r\n<p>F\u00f6r oss p\u00e5 Animech \u00e4r det viktigt att vara helt transparenta, b\u00e5de i hur vi arbetar och hur vi hanterar den information som vi samlar in. Vi vill f\u00f6rtydliga varf\u00f6r vi behandlar cookies p\u00e5 v\u00e5r webbplats, vad dina r\u00e4ttigheter \u00e4r samt vad v\u00e5ra skyldigheter \u00e4r gentemot dig som bes\u00f6kare.<\/p>\r\n\r\n\r\n\r\n<h3 class=\"wp-block-heading\">1. Vad \u00e4r cookies?<\/h3>\r\n\r\n\r\n\r\n<p>Cookies \u00e4r sm\u00e5 textfiler som skickas till din dator via webbl\u00e4saren n\u00e4r du bes\u00f6ker en webbplats. Deras funktion \u00e4r att samla information om hur en bes\u00f6kare anv\u00e4nder en webbplats, ofta f\u00f6r att kunna erbjuda anpassat inneh\u00e5ll.<\/p>\r\n\r\n\r\n\r\n<h3 class=\"wp-block-heading\">2. Varf\u00f6r anv\u00e4nder Animech cookies?<\/h3>\r\n\r\n\r\n\r\n<p>Hela grundt\u00e4nket bakom v\u00e5r webbplats \u00e4r att leverera en s\u00e5 bra upplevelse som m\u00f6jligt f\u00f6r v\u00e5ra bes\u00f6kare. Vi vill, bland annat, kunna presentera skr\u00e4ddarsydda l\u00f6sningar och f\u00f6rdjupad information, anpassade till varje person som anv\u00e4nder hemsidan. F\u00f6r att vi skall kunna g\u00f6ra det sp\u00e5rar vi hur bes\u00f6kare klickar runt och hur man anv\u00e4nder webbplatsen. Det g\u00f6r att vi senare kan ge f\u00f6rslag p\u00e5 vidare l\u00e4sning inom det specifika \u00e4mnet eller relaterade omr\u00e5den.<\/p>\r\n\r\n\r\n\r\n<p>Det g\u00e5r sj\u00e4lvklart att anv\u00e4nda v\u00e5r webbplats utan att l\u00e5ta oss lagra cookies. D\u00e5 blir upplevelsen dock inte lika personlig och fantastisk som den \u00e4r t\u00e4nkt att vara.<\/p>\r\n\r\n\r\n\r\n<p>Om du vid n\u00e5got tillf\u00e4lle l\u00e4mnar din e-postadress till oss under ditt bes\u00f6k p\u00e5 webbplatsen s\u00e5 knyts cookien till denna. Det g\u00f6r att vi, om du ger ditt medgivande till det, kan kontakta dig med f\u00f6rslag p\u00e5 f\u00f6rdjupad l\u00e4sning inom det omr\u00e5de du \u00e4r intresserad av eller att vi ger f\u00f6rslag p\u00e5 produkter vi tror att du \u00e4r intresserad av.<\/p>\r\n\r\n\r\n\r\n<h3 class=\"wp-block-heading\">3. Vad anv\u00e4nder Animech cookies till?<\/h3>\r\n\r\n\r\n\r\n<p>Cookies sp\u00e5ras med hj\u00e4lp av trackers, med olika syften. I v\u00e5rt fall handlar det enbart om att erbjuda bes\u00f6karen en skr\u00e4ddarsydd upplevelse av v\u00e5rt utbud.<\/p>\r\n\r\n\r\n\r\n<h3 class=\"wp-block-heading\">4. \u00d6verf\u00f6rs information till en tredjepart?<\/h3>\r\n\r\n\r\n\r\n<p>Vi anv\u00e4nder f\u00f6ljande trackers f\u00f6r att sp\u00e5ra och analysera cookies:<\/p>\r\n\r\n\r\n\r\n<h4 class=\"wp-block-heading\">Google Analytics, varaktig 24 m\u00e5nader<\/h4>\r\n\r\n\r\n\r\n<ul class=\"wp-block-list\">\r\n<li>Informationen i dessa cookies, inklusive IP-adressen, f\u00f6rs \u00f6ver till Google endast f\u00f6r att de ska kunna utf\u00f6ra tj\u00e4nster f\u00f6r Animech kopplade till webbplatsen. Animech har ingen direkt tillg\u00e5ng till dessa IP-nummer. Google \u00f6verf\u00f6r inte informationen till n\u00e5gon tredje part, utom i de fall d\u00e4r detta kr\u00e4vs enligt lag eller n\u00e4r tredje part behandlar informationen p\u00e5 uppdrag av Google.\u00a0<a href=\"https:\/\/support.google.com\/analytics\/answer\/11397207\" target=\"_blank\" rel=\"noreferrer noopener\">Se samtliga cookies fr\u00e5n Google Analytics.<\/a><\/li>\r\n\r\n\r\n\r\n<li>Syfte: Dessa cookies hj\u00e4lper oss analysera bes\u00f6karnas beteende p\u00e5 webbplatsen f\u00f6r att f\u00f6rb\u00e4ttra anv\u00e4ndarupplevelsen och s\u00e4kerst\u00e4lla webbplatsens funktionalitet.<\/li>\r\n<\/ul>\r\n\r\n\r\n\r\n<h4 class=\"wp-block-heading\">HubSpot, varaktig 24 m\u00e5nader<\/h4>\r\n\r\n\r\n\r\n<ul class=\"wp-block-list\">\r\n<li>IP-nummer, e-postadress.<\/li>\r\n\r\n\r\n\r\n<li>Anpassa bes\u00f6karens upplevelse.<\/li>\r\n\r\n\r\n\r\n<li>Syfte: Kunna erbjuda v\u00e5ra bes\u00f6kare att prenumerera p\u00e5 viktiga uppdateringar\/nyheter s\u00e5 som nya blogginl\u00e4gg eller kommande event. Informationen f\u00f6rs \u00f6ver till HubSpot. Animech har ingen direkt tillg\u00e5ng till denna anv\u00e4ndardata utan f\u00e5r statistik fr\u00e5n tredjepart HubSpot om hur m\u00e5nga som tagit del av uppdateringar\/nyheter. F\u00f6ljande uppgifter samlar HubSpot om bes\u00f6karna: webbl\u00e4sare, operativsystem, vilken mobilenhet, IP-nummer, bes\u00f6kt sida, tid du stannat p\u00e5 sidan, h\u00e4nvisning fr\u00e5n sida.<\/li>\r\n<\/ul>\r\n\r\n\r\n\r\n<h3 class=\"wp-block-heading\">5. N\u00e4r lagrar Animech cookies?<\/h3>\r\n\r\n\r\n\r\n<p>Cookies lagras kontinuerligt, s\u00e5 l\u00e4nge du har godk\u00e4nt det. Om du v\u00e4ljer att inte ge oss ditt samtycke f\u00f6r anv\u00e4ndning av cookies p\u00e5 v\u00e5r webbplats kommer en cookie sparas p\u00e5 din dator i enbart syfte f\u00f6r att komma ih\u00e5g ditt val.<\/p>\r\n\r\n\r\n\r\n<h3 class=\"wp-block-heading\">6. Dina r\u00e4ttigheter<\/h3>\r\n\r\n\r\n\r\n<p>En del f\u00f6redrar att inte anv\u00e4nda cookies. I de flesta webbl\u00e4sare kan du d\u00e4rf\u00f6r v\u00e4lja sj\u00e4lv hur cookies ska hanteras.<\/p>\r\n\r\n\r\n\r\n<p>I vissa webbl\u00e4sare begr\u00e4nsas eller raderas cookies. D\u00e4rf\u00f6r rekommenderar vi att du granskar inst\u00e4llningarna f\u00f6r cookies och\u00a0<a href=\"https:\/\/myadcenter.google.com\/?hl=sv&amp;sasb=true\" target=\"_blank\" rel=\"noreferrer noopener\">annonser<\/a>. I vissa webbl\u00e4sare f\u00e5r du mer exakt kontroll i och med att du kan ange regler f\u00f6r hur cookies ska hanteras p\u00e5 olika webbplatser. Det inneb\u00e4r att du kan ange att cookies endast ska till\u00e5tas fr\u00e5n webbplatser som du litar p\u00e5.<\/p>\r\n\r\n\r\n\r\n<p><strong>Inst\u00e4llningar f\u00f6r webbl\u00e4sare:<\/strong>\u00a0De flesta webbl\u00e4sare har inst\u00e4llningar f\u00f6r att f\u00f6rhindra att cookies laddas ner p\u00e5 din dator. Om du v\u00e4ljer att blockera cookies, kan detta samtidigt inneb\u00e4ra att n\u00e5gra av funktionerna i denna webbplats (och andra) inte kommer att fungera korrekt, vilket kan begr\u00e4nsa din upplevelse av den. Inst\u00e4llningarna hittar du normalt under alternativ- eller inst\u00e4llningsmenyerna i din webbl\u00e4sare. F\u00f6r att v\u00e4lja r\u00e4tt inst\u00e4llningar kan n\u00e5gon av f\u00f6ljande l\u00e4nkar vara till hj\u00e4lp. Du kan ocks\u00e5 anv\u00e4nda hj\u00e4lpfunktionen i din webbl\u00e4sare f\u00f6r mer information.<\/p>\r\n\r\n\r\n\r\n<ul class=\"wp-block-list\">\r\n<li><a href=\"https:\/\/support.microsoft.com\/en-us\/search?query=enable%20cookies%20in%20edge\" target=\"_blank\" rel=\"noreferrer noopener\">Cookie-inst\u00e4llningar i Edge<\/a><\/li>\r\n\r\n\r\n\r\n<li><a href=\"https:\/\/support.mozilla.org\/en-US\/kb\/cookies-information-websites-store-on-your-computer?redirectslug=Cookies&amp;redirectlocale=en-US\" target=\"_blank\" rel=\"noreferrer noopener\">Cookie-inst\u00e4llningar i Firefox<\/a><\/li>\r\n\r\n\r\n\r\n<li><a href=\"https:\/\/support.google.com\/chrome\/answer\/95647?hl=en\" target=\"_blank\" rel=\"noreferrer noopener\">Cookie-inst\u00e4llningar i Chrome<\/a><\/li>\r\n<\/ul>\r\n\r\n\r\n\r\n<p><strong>Inaktivera anonyma Google Analytics-cookies:<\/strong>\u00a0Du kan installera en Google Analytics\u201dwebbl\u00e4sar-plug-in\u201d f\u00f6r att f\u00f6rhindra att webbplatsen skickar information om ditt bes\u00f6k till Google Analytics. Mer information om detta hittar du nedan:<\/p>\r\n\r\n\r\n\r\n<ul class=\"wp-block-list\">\r\n<li><a href=\"https:\/\/marketingplatform.google.com\/about\/\" target=\"_blank\" rel=\"noreferrer noopener\">Google Analytics &amp; Privacy<\/a><\/li>\r\n<\/ul>\r\n","protected":false},"excerpt":{"rendered":"<p>F\u00f6r oss p\u00e5 Animech \u00e4r det viktigt att vara helt transparenta, b\u00e5de i hur vi arbetar och hur vi hanterar den information som vi samlar in. Vi vill f\u00f6rtydliga varf\u00f6r&#8230;<\/p>\n","protected":false},"author":1,"featured_media":0,"parent":0,"menu_order":0,"comment_status":"closed","ping_status":"open","template":"","meta":{"footnotes":""},"class_list":["post-3","page","type-page","status-publish"],"_links":{"self":[{"href":"https:\/\/animech.com\/sv\/wp-json\/wp\/v2\/pages\/3","targetHints":{"allow":["GET"]}}],"collection":[{"href":"https:\/\/animech.com\/sv\/wp-json\/wp\/v2\/pages"}],"about":[{"href":"https:\/\/animech.com\/sv\/wp-json\/wp\/v2\/types\/page"}],"author":[{"embeddable":true,"href":"https:\/\/animech.com\/sv\/wp-json\/wp\/v2\/users\/1"}],"replies":[{"embeddable":true,"href":"https:\/\/animech.com\/sv\/wp-json\/wp\/v2\/comments?post=3"}],"version-history":[{"count":2,"href":"https:\/\/animech.com\/sv\/wp-json\/wp\/v2\/pages\/3\/revisions"}],"predecessor-version":[{"id":10375,"href":"https:\/\/animech.com\/sv\/wp-json\/wp\/v2\/pages\/3\/revisions\/10375"}],"wp:attachment":[{"href":"https:\/\/animech.com\/sv\/wp-json\/wp\/v2\/media?parent=3"}],"curies":[{"name":"wp","href":"https:\/\/api.w.org\/{rel}","templated":true}]}}